{"id":491,"date":"2021-05-18T10:11:57","date_gmt":"2021-05-18T08:11:57","guid":{"rendered":"https:\/\/jeanpierreduverge.com\/store\/?post_type=product&#038;p=491"},"modified":"2025-05-13T05:14:44","modified_gmt":"2025-05-13T03:14:44","slug":"ethiopia","status":"publish","type":"product","link":"https:\/\/jeanpierreduverge.com\/store\/produit\/ethiopia\/","title":{"rendered":"Ethiopia"},"content":{"rendered":"\t\t<div data-elementor-type=\"wp-post\" data-elementor-id=\"491\" class=\"elementor elementor-491\" data-elementor-settings=\"[]\">\n\t\t\t\t\t\t<div class=\"elementor-inner\">\n\t\t\t\t\t\t\t<div class=\"elementor-section-wrap\">\n\t\t\t\t\t\t\t<section class=\"elementor-section elementor-top-section elementor-element elementor-element-194ebbdb elementor-section-boxed elementor-section-height-default elementor-section-height-default\" data-id=\"194ebbdb\" data-element_type=\"section\">\n\t\t\t\t\t\t<div class=\"elementor-container elementor-column-gap-default\">\n\t\t\t\t\t\t\t<div class=\"elementor-row\">\n\t\t\t\t\t<div class=\"elementor-column elementor-col-100 elementor-top-column elementor-element elementor-element-756e83b3\" data-id=\"756e83b3\" data-element_type=\"column\">\n\t\t\t<div class=\"elementor-column-wrap elementor-element-populated\">\n\t\t\t\t\t\t\t<div class=\"elementor-widget-wrap\">\n\t\t\t\t\t\t<div class=\"elementor-element elementor-element-e6c68de elementor-drop-cap-yes elementor-drop-cap-view-default elementor-widget elementor-widget-text-editor\" data-id=\"e6c68de\" data-element_type=\"widget\" data-settings=\"{&quot;drop_cap&quot;:&quot;yes&quot;}\" data-widget_type=\"text-editor.default\">\n\t\t\t\t<div class=\"elementor-widget-container\">\n\t\t\t\t\t\t\t\t<div class=\"elementor-text-editor elementor-clearfix\">\n\t\t\t\t\t<p>Premier livre photo de Jean Pierre Duverg\u00e9, publi\u00e9 aux \u00e9ditions <a href=\"http:\/\/hemeria.com\"><span style=\"font-weight: 400;\">Hemeria<\/span><\/a><\/p><p><span style=\"font-weight: 400;\">\u00ab\u00a0Le po\u00e8te se fait\u00a0<\/span><i><span style=\"font-weight: 400;\">voyant<\/span><\/i><span style=\"font-weight: 400;\">\u00a0par un long, immense et raisonn\u00e9\u00a0<\/span><i><span style=\"font-weight: 400;\">d\u00e9r\u00e8glement de tous les sens<\/span><\/i><span style=\"font-weight: 400;\">. Toutes les formes d&rsquo;amour, de souffrance, de folie\u00a0; il cherche lui-m\u00eame, il \u00e9puise en lui tous les poisons, pour n&rsquo;en garder que les quintessences\u00a0\u00bb. <\/span><\/p><p><i><span style=\"font-weight: 400;\">Arthur Rimbaud, la lettre du voyant.<\/span><\/i><\/p><p><i><span style=\"font-weight: 400;\">\u00a0<\/span><\/i><\/p><p>Dix ans avant d\u2019arriver en Ethiopie, Arthur Rimbaud, en saisissait d\u00e9j\u00e0 l\u2019essentiel. Car, oui, cette terre est \u00e0 elle seule une forme de quintessence de toutes les passions humaines, de tous les infinis de la nature. Le voyageur s\u2019immerge davantage qu\u2019il ne voyage. Au fil des routes et des rencontres s\u2019op\u00e8re une transmutation int\u00e9rieure, une modification de l\u2019\u00e9tat de conscience, comme ce sentiment oc\u00e9anique d\u00e9crit par Romain Rolland \u00e0 Freud, la sensation de ne faire plus qu\u2019un avec l\u2019univers. Les p\u00e8lerins v\u00eatus de blanc, tout droit sortis d\u2019un verset de la Bible, la splendeur tellurique des \u00e9glises enterr\u00e9es, l\u2019\u00e9nergie primordiale des tribus de sud\u2026Ici, chaque passant participe un peu de l\u2019harmonie universelle. L\u2019ordre de la mati\u00e8re et celui du spirituel se confondent peu \u00e0 peu\u2026Tout voyage en Ethiopie est voyage initiatique.<\/p>\t\t\t\t\t<\/div>\n\t\t\t\t\t\t<\/div>\n\t\t\t\t<\/div>\n\t\t\t\t\t\t<\/div>\n\t\t\t\t\t<\/div>\n\t\t<\/div>\n\t\t\t\t\t\t\t\t<\/div>\n\t\t\t\t\t<\/div>\n\t\t<\/section>\n\t\t\t\t<section class=\"elementor-section elementor-top-section elementor-element elementor-element-9a90899 elementor-section-boxed elementor-section-height-default elementor-section-height-default\" data-id=\"9a90899\" data-element_type=\"section\">\n\t\t\t\t\t\t<div class=\"elementor-container elementor-column-gap-default\">\n\t\t\t\t\t\t\t<div class=\"elementor-row\">\n\t\t\t\t\t<div class=\"elementor-column elementor-col-100 elementor-top-column elementor-element elementor-element-5257d77\" data-id=\"5257d77\" data-element_type=\"column\">\n\t\t\t<div class=\"elementor-column-wrap elementor-element-populated\">\n\t\t\t\t\t\t\t<div class=\"elementor-widget-wrap\">\n\t\t\t\t\t\t<div class=\"elementor-element elementor-element-375a77f elementor-drop-cap-yes elementor-drop-cap-view-default elementor-widget elementor-widget-text-editor\" data-id=\"375a77f\" data-element_type=\"widget\" data-settings=\"{&quot;drop_cap&quot;:&quot;yes&quot;}\" data-widget_type=\"text-editor.default\">\n\t\t\t\t<div class=\"elementor-widget-container\">\n\t\t\t\t\t\t\t\t<div class=\"elementor-text-editor elementor-clearfix\">\n\t\t\t\t\t<p>Comment traduire cette alchimie ? Comment rendre compte de cette abolition des cat\u00e9gories du temps et de l\u2019espace, de leur transformation en un temps et un espace sacr\u00e9s qui donnent comme un air d\u2019\u00e9ternit\u00e9 \u00e0 la moindre sc\u00e8ne quotidienne ? Il faut savoir voir ce qui ne se voit pas, comprendre ce qui ne se comprend pas, saisir l\u2019insaisissable, dire l\u2019indicible. \u00ab On ne voit bien qu\u2019avec le c\u0153ur. L\u2019essentiel est invisible pour les yeux \u00bb \u00e9crivait Saint-Exup\u00e9ry. Voil\u00e0 bien toute la difficult\u00e9 avec l\u2019Ethiopie. Dans ce pays, les \u00eatres et les choses viennent du fonds des \u00e2ges ; d\u2019une certaine fa\u00e7on, il faut savoir se faire voyant pour saisir leur essence.<\/p><p>Jean-Pierre Duverg\u00e9 nous donne sa r\u00e9ponse. Ce n\u2019est pas l\u2019\u0153il du photographe qui nous est donn\u00e9 \u00e0 voir, mais bien son esprit. Jean-Pierre ne photographie pas. Ses photos ne sont pas geste technique, mais dynamique fraternelle, occasion d\u2019une communion d\u2019autant plus intense qu\u2019elle est fugitive. C\u2019est bien d\u2019\u00e9nergie dont il s\u2019agit, de vibrations qui entrent en r\u00e9sonnance entre deux \u00eatres qui se croisent.\u00a0<\/p><p>Son secret ? Ses photos ne sont pas d\u2019abord des photos. Elles sont \u00e0 la fois mat\u00e9rialisation de l\u2019esprit du sujet et spiritualisation de sa mati\u00e8re corporelle. C\u2019est bien d\u2019une conversion du regard dont il s\u2019agit, qui est aussi, et surtout, conversion de l\u2019\u00e2me. Alors, survient la grande m\u00e9tamorphose. Ce pr\u00eatre au regard fixe devient proph\u00e8te de l\u2019Ancien testament, cette femme qui se rend \u00e0 l\u2019\u00e9glise avec ses bijoux, reine de Saba, ce jeune homme aux peintures rituelles, t\u00e9moin vivant des d\u00e9buts de l\u2019humanit\u00e9. La beaut\u00e9 de ces photos n\u2019est pas une esth\u00e9tique, mais un d\u00e9voilement. Ces pages se tournent en silence : voici tout un peuple, tout un univers qui d\u00e9filent. Parce que je connais, et Jean-Pierre, et l\u2019Ethiopie, je sais que quelque chose s\u2019est accompli. Rien n\u2019est dit, tout est dit.<\/p>\t\t\t\t\t<\/div>\n\t\t\t\t\t\t<\/div>\n\t\t\t\t<\/div>\n\t\t\t\t\t\t<\/div>\n\t\t\t\t\t<\/div>\n\t\t<\/div>\n\t\t\t\t\t\t\t\t<\/div>\n\t\t\t\t\t<\/div>\n\t\t<\/section>\n\t\t\t\t<section class=\"elementor-section elementor-top-section elementor-element elementor-element-a7ff058 elementor-section-boxed elementor-section-height-default elementor-section-height-default\" data-id=\"a7ff058\" data-element_type=\"section\">\n\t\t\t\t\t\t<div class=\"elementor-container elementor-column-gap-default\">\n\t\t\t\t\t\t\t<div class=\"elementor-row\">\n\t\t\t\t\t<div class=\"elementor-column elementor-col-100 elementor-top-column elementor-element elementor-element-8985c03\" data-id=\"8985c03\" data-element_type=\"column\">\n\t\t\t<div class=\"elementor-column-wrap elementor-element-populated\">\n\t\t\t\t\t\t\t<div class=\"elementor-widget-wrap\">\n\t\t\t\t\t\t<div class=\"elementor-element elementor-element-b6e6ad3 elementor-shape-rounded elementor-grid-0 e-grid-align-center elementor-widget elementor-widget-social-icons\" data-id=\"b6e6ad3\" data-element_type=\"widget\" data-widget_type=\"social-icons.default\">\n\t\t\t\t<div class=\"elementor-widget-container\">\n\t\t\t\t\t<div class=\"elementor-social-icons-wrapper elementor-grid\">\n\t\t\t\t\t\t\t<div class=\"elementor-grid-item\">\n\t\t\t\t\t<a class=\"elementor-icon elementor-social-icon elementor-social-icon-facebook elementor-repeater-item-99c5854\" href=\"https:\/\/www.facebook.com\/jeanpierre.duverge1\" target=\"_blank\">\n\t\t\t\t\t\t<span class=\"elementor-screen-only\">Facebook<\/span>\n\t\t\t\t\t\t<i class=\"fab fa-facebook\"><\/i>\t\t\t\t\t<\/a>\n\t\t\t\t<\/div>\n\t\t\t\t\t\t\t<div class=\"elementor-grid-item\">\n\t\t\t\t\t<a class=\"elementor-icon elementor-social-icon elementor-social-icon-twitter elementor-repeater-item-c898b5c\" target=\"_blank\">\n\t\t\t\t\t\t<span class=\"elementor-screen-only\">Twitter<\/span>\n\t\t\t\t\t\t<i class=\"fab fa-twitter\"><\/i>\t\t\t\t\t<\/a>\n\t\t\t\t<\/div>\n\t\t\t\t\t\t\t<div class=\"elementor-grid-item\">\n\t\t\t\t\t<a class=\"elementor-icon elementor-social-icon elementor-social-icon-instagram elementor-repeater-item-3b9574d\" href=\"https:\/\/www.instagram.com\/jpduverge\/\" target=\"_blank\">\n\t\t\t\t\t\t<span class=\"elementor-screen-only\">Instagram<\/span>\n\t\t\t\t\t\t<i class=\"fab fa-instagram\"><\/i>\t\t\t\t\t<\/a>\n\t\t\t\t<\/div>\n\t\t\t\t\t<\/div>\n\t\t\t\t<\/div>\n\t\t\t\t<\/div>\n\t\t\t\t\t\t<\/div>\n\t\t\t\t\t<\/div>\n\t\t<\/div>\n\t\t\t\t\t\t\t\t<\/div>\n\t\t\t\t\t<\/div>\n\t\t<\/section>\n\t\t\t\t\t\t<\/div>\n\t\t\t\t\t\t<\/div>\n\t\t\t\t\t<\/div>\n\t\t","protected":false},"excerpt":{"rendered":"<p><span class=\"elementor-drop-cap\"><span class=\"elementor-drop-cap-letter\">P<\/span><\/span>remier livre photo de Jean Pierre Duverg\u00e9, publi\u00e9 aux \u00e9ditions\u00a0<a href=\"http:\/\/hemeria.com\/\">Hemeria<\/a><\/p>\n<p>\u00ab\u00a0Le po\u00e8te se fait\u00a0<i>voyant<\/i>\u00a0par un long, immense et raisonn\u00e9\u00a0<i>d\u00e9r\u00e8glement de tous les sens<\/i>. Toutes les formes d\u2019amour, de souffrance, de folie\u00a0; il cherche lui-m\u00eame, il \u00e9puise en lui tous les poisons, pour n\u2019en garder que les quintessences\u00a0\u00bb.<\/p>\n<p><i>Arthur Rimbaud, la lettre du voyant.<\/i><\/p>\n<p><i>\u00a0<\/i><\/p>\n<p>Dix ans avant d\u2019arriver en Ethiopie, Arthur Rimbaud, en saisissait d\u00e9j\u00e0 l\u2019essentiel. Car, oui, cette terre est \u00e0 elle seule une forme de quintessence de toutes les passions humaines, de tous les infinis de la nature. Le voyageur s\u2019immerge davantage qu\u2019il ne voyage. Au fil des routes et des rencontres s\u2019op\u00e8re une transmutation int\u00e9rieure, une modification de l\u2019\u00e9tat de conscience, comme ce sentiment oc\u00e9anique d\u00e9crit par Romain Rolland \u00e0 Freud, la sensation de ne faire plus qu\u2019un avec l\u2019univers. Les p\u00e8lerins v\u00eatus de blanc, tout droit sortis d\u2019un verset de la Bible, la splendeur tellurique des \u00e9glises enterr\u00e9es, l\u2019\u00e9nergie primordiale des tribus de sud\u2026Ici, chaque passant participe un peu de l\u2019harmonie universelle. L\u2019ordre de la mati\u00e8re et celui du spirituel se confondent peu \u00e0 peu\u2026Tout voyage en Ethiopie est voyage initiatique.<\/p>\n<p>&nbsp; &hellip; <a href=\"https:\/\/jeanpierreduverge.com\/store\/produit\/ethiopia\/\">Read More<\/a><\/p>\n","protected":false},"featured_media":493,"comment_status":"open","ping_status":"closed","template":"","meta":{"spay_email":""},"class_list":["post-491","product","type-product","status-publish","has-post-thumbnail","hentry","product_cat-phbook","product_shipping_class-ethiopia"],"_links":{"self":[{"href":"https:\/\/jeanpierreduverge.com\/store\/wp-json\/wp\/v2\/product\/491","targetHints":{"allow":["GET"]}}],"collection":[{"href":"https:\/\/jeanpierreduverge.com\/store\/wp-json\/wp\/v2\/product"}],"about":[{"href":"https:\/\/jeanpierreduverge.com\/store\/wp-json\/wp\/v2\/types\/product"}],"replies":[{"embeddable":true,"href":"https:\/\/jeanpierreduverge.com\/store\/wp-json\/wp\/v2\/comments?post=491"}],"version-history":[{"count":13,"href":"https:\/\/jeanpierreduverge.com\/store\/wp-json\/wp\/v2\/product\/491\/revisions"}],"predecessor-version":[{"id":815,"href":"https:\/\/jeanpierreduverge.com\/store\/wp-json\/wp\/v2\/product\/491\/revisions\/815"}],"wp:featuredmedia":[{"embeddable":true,"href":"https:\/\/jeanpierreduverge.com\/store\/wp-json\/wp\/v2\/media\/493"}],"wp:attachment":[{"href":"https:\/\/jeanpierreduverge.com\/store\/wp-json\/wp\/v2\/media?parent=491"}],"curies":[{"name":"wp","href":"https:\/\/api.w.org\/{rel}","templated":true}]}}