{"id":222,"date":"2017-05-24T23:30:16","date_gmt":"2017-05-25T06:30:16","guid":{"rendered":"http:\/\/import.themovation.com\/embark\/river-rafting\/?page_id=71"},"modified":"2021-06-16T03:24:29","modified_gmt":"2021-06-16T01:24:29","slug":"about-us","status":"publish","type":"page","link":"https:\/\/jeanpierreduverge.com\/store\/about-us\/","title":{"rendered":"About Us &#8211; Classic"},"content":{"rendered":"\t\t<div data-elementor-type=\"wp-post\" data-elementor-id=\"222\" class=\"elementor elementor-222\" data-elementor-settings=\"[]\">\n\t\t\t\t\t\t<div class=\"elementor-inner\">\n\t\t\t\t\t\t\t<div class=\"elementor-section-wrap\">\n\t\t\t\t\t\t\t<section class=\"elementor-section elementor-top-section elementor-element elementor-element-zuoldcu elementor-section-full_width elementor-section-height-min-height elementor-section-height-default elementor-section-items-middle\" data-id=\"zuoldcu\" data-element_type=\"section\" data-settings=\"{&quot;background_background&quot;:&quot;classic&quot;}\">\n\t\t\t\t\t\t\t<div class=\"elementor-background-overlay\"><\/div>\n\t\t\t\t\t\t\t<div class=\"elementor-container elementor-column-gap-default\">\n\t\t\t\t\t\t\t<div class=\"elementor-row\">\n\t\t\t\t\t<div class=\"elementor-column elementor-col-100 elementor-top-column elementor-element elementor-element-zwsiodr\" data-id=\"zwsiodr\" data-element_type=\"column\">\n\t\t\t<div class=\"elementor-column-wrap elementor-element-populated\">\n\t\t\t\t\t\t\t<div class=\"elementor-widget-wrap\">\n\t\t\t\t\t\t<div class=\"elementor-element elementor-element-5lfevmv elementor-widget elementor-widget-spacer\" data-id=\"5lfevmv\" data-element_type=\"widget\" data-widget_type=\"spacer.default\">\n\t\t\t\t<div class=\"elementor-widget-container\">\n\t\t\t\t\t<div class=\"elementor-spacer\">\n\t\t\t<div class=\"elementor-spacer-inner\"><\/div>\n\t\t<\/div>\n\t\t\t\t<\/div>\n\t\t\t\t<\/div>\n\t\t\t\t<div class=\"elementor-element elementor-element-rmushfl elementor-view-default elementor-position-top elementor-invisible elementor-widget elementor-widget-themo-header\" data-id=\"rmushfl\" data-element_type=\"widget\" data-settings=\"{&quot;_animation&quot;:&quot;fadeInUp&quot;}\" data-widget_type=\"themo-header.default\">\n\t\t\t\t<div class=\"elementor-widget-container\">\n\t\t\t\t\t<div class=\"th-header-wrap\">\n        <div class=\"elementor-icon-box-wrapper \">\n                            <div class=\"elementor-icon-box-content\">\n                    <h1 class=\"elementor-icon-box-title\">\n                        <span >Connecter les Humains<\/span>\n                    <\/h1>\n                                        <p class=\"elementor-icon-box-description\">\u00ab Le visage \u00e9tant pour moi le plus beau des paysages \u00bb\nJP Duverg\u00e9<\/p>\n\n                                    <\/div>\n            <\/div>\n\n        <\/div>\n\n\t\t\t\t<\/div>\n\t\t\t\t<\/div>\n\t\t\t\t\t\t<\/div>\n\t\t\t\t\t<\/div>\n\t\t<\/div>\n\t\t\t\t\t\t\t\t<\/div>\n\t\t\t\t\t<\/div>\n\t\t<\/section>\n\t\t\t\t<section class=\"elementor-section elementor-top-section elementor-element elementor-element-rtdmrfv elementor-section-boxed elementor-section-height-default elementor-section-height-default\" data-id=\"rtdmrfv\" data-element_type=\"section\" data-settings=\"{&quot;background_background&quot;:&quot;classic&quot;}\">\n\t\t\t\t\t\t<div class=\"elementor-container elementor-column-gap-default\">\n\t\t\t\t\t\t\t<div class=\"elementor-row\">\n\t\t\t\t\t<div class=\"elementor-column elementor-col-100 elementor-top-column elementor-element elementor-element-caywpmn\" data-id=\"caywpmn\" data-element_type=\"column\">\n\t\t\t<div class=\"elementor-column-wrap elementor-element-populated\">\n\t\t\t\t\t\t\t<div class=\"elementor-widget-wrap\">\n\t\t\t\t\t\t<div class=\"elementor-element elementor-element-znwdoyu elementor-widget elementor-widget-spacer\" data-id=\"znwdoyu\" data-element_type=\"widget\" data-widget_type=\"spacer.default\">\n\t\t\t\t<div class=\"elementor-widget-container\">\n\t\t\t\t\t<div class=\"elementor-spacer\">\n\t\t\t<div class=\"elementor-spacer-inner\"><\/div>\n\t\t<\/div>\n\t\t\t\t<\/div>\n\t\t\t\t<\/div>\n\t\t\t\t<div class=\"elementor-element elementor-element-zoyatqw elementor-view-default elementor-position-top elementor-widget elementor-widget-themo-header\" data-id=\"zoyatqw\" data-element_type=\"widget\" data-widget_type=\"themo-header.default\">\n\t\t\t\t<div class=\"elementor-widget-container\">\n\t\t\t\t\t<div class=\"th-header-wrap\">\n        <div class=\"elementor-icon-box-wrapper \">\n                            <div class=\"elementor-icon-box-content\">\n                    <h2 class=\"elementor-icon-box-title\">\n                        <span >Ma Mission<\/span>\n                    <\/h2>\n                                            <span class=\"th-header-divider\"><\/span>\n                                        <p class=\"elementor-icon-box-description\">Bordelais d'origine, je vis \u00e0 Cergy depuis 1981.\nJ'ai appris la photo par moi-m\u00eame, il y a 50 ans au temps de l'argentique.\n\nEnsuite, j'ai arr\u00eat\u00e9 de faire des images pour me consacrer \u00e0 ma carri\u00e8re professionnelle.\n\nEnfin, la passion ne s'\u00e9teignant jamais vraiment, j'ai recommenc\u00e9 en 2014 lors d'un voyage au P\u00e9rou.\n\nL'Inde du sud, le Vietnam, l'Inde du nord, le N\u00e9pal, l'Ethiopie, la Malaisie, le sud des Etats-Unis ont suivi souvent en fonction des expositions \u00e0 travers le monde.\n\nMais on peut aussi voyager chez soi, preuve en est ma s\u00e9rie \"Cergy's Faces: une banlieue fran\u00e7aise\" qui comprend 1200 portraits aujourd'hui.\n\nMa d\u00e9marche est essentiellement documentaire et orient\u00e9e vers la repr\u00e9sentation humaine.\nLe visage \u00e9tant pour moi le plus beau des paysages.\n<\/p>\n\n                                    <\/div>\n            <\/div>\n\n        <\/div>\n\n\t\t\t\t<\/div>\n\t\t\t\t<\/div>\n\t\t\t\t<div class=\"elementor-element elementor-element-zkzrigj elementor-widget elementor-widget-spacer\" data-id=\"zkzrigj\" data-element_type=\"widget\" data-widget_type=\"spacer.default\">\n\t\t\t\t<div class=\"elementor-widget-container\">\n\t\t\t\t\t<div class=\"elementor-spacer\">\n\t\t\t<div class=\"elementor-spacer-inner\"><\/div>\n\t\t<\/div>\n\t\t\t\t<\/div>\n\t\t\t\t<\/div>\n\t\t\t\t\t\t<\/div>\n\t\t\t\t\t<\/div>\n\t\t<\/div>\n\t\t\t\t\t\t\t\t<\/div>\n\t\t\t\t\t<\/div>\n\t\t<\/section>\n\t\t\t\t<section class=\"elementor-section elementor-top-section elementor-element elementor-element-5r1wki9 elementor-section-boxed elementor-section-height-default elementor-section-height-default\" data-id=\"5r1wki9\" data-element_type=\"section\" data-settings=\"{&quot;background_background&quot;:&quot;classic&quot;}\">\n\t\t\t\t\t\t<div class=\"elementor-container elementor-column-gap-default\">\n\t\t\t\t\t\t\t<div class=\"elementor-row\">\n\t\t\t\t\t<div class=\"elementor-column elementor-col-100 elementor-top-column elementor-element elementor-element-gd2n2so\" data-id=\"gd2n2so\" data-element_type=\"column\">\n\t\t\t<div class=\"elementor-column-wrap elementor-element-populated\">\n\t\t\t\t\t\t\t<div class=\"elementor-widget-wrap\">\n\t\t\t\t\t\t<div class=\"elementor-element elementor-element-jh3vg1d elementor-widget elementor-widget-spacer\" data-id=\"jh3vg1d\" data-element_type=\"widget\" data-widget_type=\"spacer.default\">\n\t\t\t\t<div class=\"elementor-widget-container\">\n\t\t\t\t\t<div class=\"elementor-spacer\">\n\t\t\t<div class=\"elementor-spacer-inner\"><\/div>\n\t\t<\/div>\n\t\t\t\t<\/div>\n\t\t\t\t<\/div>\n\t\t\t\t<section class=\"elementor-section elementor-inner-section elementor-element elementor-element-ztbb3i5 elementor-section-boxed elementor-section-height-default elementor-section-height-default\" data-id=\"ztbb3i5\" data-element_type=\"section\">\n\t\t\t\t\t\t<div class=\"elementor-container elementor-column-gap-wider\">\n\t\t\t\t\t\t\t<div class=\"elementor-row\">\n\t\t\t\t\t<div class=\"elementor-column elementor-col-33 elementor-inner-column elementor-element elementor-element-8uygsxj\" data-id=\"8uygsxj\" data-element_type=\"column\">\n\t\t\t<div class=\"elementor-column-wrap elementor-element-populated\">\n\t\t\t\t\t\t\t<div class=\"elementor-widget-wrap\">\n\t\t\t\t\t\t<div class=\"elementor-element elementor-element-zok9jee elementor-view-default elementor-position-top elementor-invisible elementor-widget elementor-widget-themo-service-block\" data-id=\"zok9jee\" data-element_type=\"widget\" data-settings=\"{&quot;_animation&quot;:&quot;fadeInLeft&quot;}\" data-widget_type=\"themo-service-block.default\">\n\t\t\t\t<div class=\"elementor-widget-container\">\n\t\t\t\t\t<div class=\"th-service-block-w\">\n            <div class=\"elementor-icon-box-wrapper th-show-icon\">\n                                    <div class=\"elementor-icon-box-icon th-icon-size-lg\">\n                        <span class=\"elementor-icon \" >\n                            <i aria-hidden=\"true\" class=\"fasth-linea icon-software-paintbrush\"><\/i>                        <\/span>\n                    <\/div>\n                                <div class=\"elementor-icon-box-content\">\n                    <h5 class=\"elementor-icon-box-title\">\n                        <span >Retracer l&#039;Histoire<\/span>\n                    <\/h5>\n                    <p class=\"elementor-icon-box-description\">Je poursuis la beaut\u00e9 de la nature et de ses paysages pour me perdre de pays en pays, en retra\u00e7ant et documentant l'Histoire de ses peuples.<\/p>\n                <\/div>\n            <\/div>\n\n        <\/div>\n\n\t\t\t\t<\/div>\n\t\t\t\t<\/div>\n\t\t\t\t\t\t<\/div>\n\t\t\t\t\t<\/div>\n\t\t<\/div>\n\t\t\t\t<div class=\"elementor-column elementor-col-33 elementor-inner-column elementor-element elementor-element-g5w7for\" data-id=\"g5w7for\" data-element_type=\"column\">\n\t\t\t<div class=\"elementor-column-wrap elementor-element-populated\">\n\t\t\t\t\t\t\t<div class=\"elementor-widget-wrap\">\n\t\t\t\t\t\t<div class=\"elementor-element elementor-element-aus10ny elementor-view-default elementor-position-top elementor-invisible elementor-widget elementor-widget-themo-service-block\" data-id=\"aus10ny\" data-element_type=\"widget\" data-settings=\"{&quot;_animation&quot;:&quot;fadeInUp&quot;}\" data-widget_type=\"themo-service-block.default\">\n\t\t\t\t<div class=\"elementor-widget-container\">\n\t\t\t\t\t<div class=\"th-service-block-w\">\n            <div class=\"elementor-icon-box-wrapper th-show-icon\">\n                                    <div class=\"elementor-icon-box-icon th-icon-size-lg\">\n                        <span class=\"elementor-icon \" >\n                            <i aria-hidden=\"true\" class=\"fasth-linea icon-software-layers2\"><\/i>                        <\/span>\n                    <\/div>\n                                <div class=\"elementor-icon-box-content\">\n                    <h5 class=\"elementor-icon-box-title\">\n                        <span >Supports de Qualit\u00e9<\/span>\n                    <\/h5>\n                    <p class=\"elementor-icon-box-description\">Pour ce premier livre Photo, nous nous sommes appliqu\u00e9 afin de livrer la meilleure qualit\u00e9 d'impression et photo possible.<\/p>\n                <\/div>\n            <\/div>\n\n        <\/div>\n\n\t\t\t\t<\/div>\n\t\t\t\t<\/div>\n\t\t\t\t\t\t<\/div>\n\t\t\t\t\t<\/div>\n\t\t<\/div>\n\t\t\t\t<div class=\"elementor-column elementor-col-33 elementor-inner-column elementor-element elementor-element-sdebjee\" data-id=\"sdebjee\" data-element_type=\"column\">\n\t\t\t<div class=\"elementor-column-wrap elementor-element-populated\">\n\t\t\t\t\t\t\t<div class=\"elementor-widget-wrap\">\n\t\t\t\t\t\t<div class=\"elementor-element elementor-element-omoxevs elementor-view-default elementor-position-top elementor-invisible elementor-widget elementor-widget-themo-service-block\" data-id=\"omoxevs\" data-element_type=\"widget\" data-settings=\"{&quot;_animation&quot;:&quot;fadeInRight&quot;}\" data-widget_type=\"themo-service-block.default\">\n\t\t\t\t<div class=\"elementor-widget-container\">\n\t\t\t\t\t<div class=\"th-service-block-w\">\n            <div class=\"elementor-icon-box-wrapper th-show-icon\">\n                                    <div class=\"elementor-icon-box-icon th-icon-size-lg\">\n                        <span class=\"elementor-icon \" >\n                            <i aria-hidden=\"true\" class=\"fasth-linea icon-basic-smartphone\"><\/i>                        <\/span>\n                    <\/div>\n                                <div class=\"elementor-icon-box-content\">\n                    <h5 class=\"elementor-icon-box-title\">\n                        <span >Mieux que sur un \u00e9cran<\/span>\n                    <\/h5>\n                    <p class=\"elementor-icon-box-description\">Que ce soit sur papier photo, livre ou sur des plaques de m\u00e9tal, retrouvez mes \u0153uvres avec le vrai grain, l'\u00e2me de la photo.<\/p>\n                <\/div>\n            <\/div>\n\n        <\/div>\n\n\t\t\t\t<\/div>\n\t\t\t\t<\/div>\n\t\t\t\t\t\t<\/div>\n\t\t\t\t\t<\/div>\n\t\t<\/div>\n\t\t\t\t\t\t\t\t<\/div>\n\t\t\t\t\t<\/div>\n\t\t<\/section>\n\t\t\t\t<div class=\"elementor-element elementor-element-vj0cdhn elementor-widget elementor-widget-spacer\" data-id=\"vj0cdhn\" data-element_type=\"widget\" data-widget_type=\"spacer.default\">\n\t\t\t\t<div class=\"elementor-widget-container\">\n\t\t\t\t\t<div class=\"elementor-spacer\">\n\t\t\t<div class=\"elementor-spacer-inner\"><\/div>\n\t\t<\/div>\n\t\t\t\t<\/div>\n\t\t\t\t<\/div>\n\t\t\t\t\t\t<\/div>\n\t\t\t\t\t<\/div>\n\t\t<\/div>\n\t\t\t\t\t\t\t\t<\/div>\n\t\t\t\t\t<\/div>\n\t\t<\/section>\n\t\t\t\t<section class=\"elementor-section elementor-top-section elementor-element elementor-element-cvwwhry elementor-section-boxed elementor-section-height-default elementor-section-height-default\" data-id=\"cvwwhry\" data-element_type=\"section\" data-settings=\"{&quot;background_background&quot;:&quot;classic&quot;}\">\n\t\t\t\t\t\t<div class=\"elementor-container elementor-column-gap-default\">\n\t\t\t\t\t\t\t<div class=\"elementor-row\">\n\t\t\t\t\t<div class=\"elementor-column elementor-col-100 elementor-top-column elementor-element elementor-element-whyiceu\" data-id=\"whyiceu\" data-element_type=\"column\">\n\t\t\t<div class=\"elementor-column-wrap elementor-element-populated\">\n\t\t\t\t\t\t\t<div class=\"elementor-widget-wrap\">\n\t\t\t\t\t\t<div class=\"elementor-element elementor-element-azqpqmm elementor-widget elementor-widget-spacer\" data-id=\"azqpqmm\" data-element_type=\"widget\" data-widget_type=\"spacer.default\">\n\t\t\t\t<div class=\"elementor-widget-container\">\n\t\t\t\t\t<div class=\"elementor-spacer\">\n\t\t\t<div class=\"elementor-spacer-inner\"><\/div>\n\t\t<\/div>\n\t\t\t\t<\/div>\n\t\t\t\t<\/div>\n\t\t\t\t<div class=\"elementor-element elementor-element-gvn8zrn elementor-invisible elementor-widget elementor-widget-themo-testimonial\" data-id=\"gvn8zrn\" data-element_type=\"widget\" data-settings=\"{&quot;_animation&quot;:&quot;fadeInUp&quot;}\" data-widget_type=\"themo-testimonial.default\">\n\t\t\t\t<div class=\"elementor-widget-container\">\n\t\t\t        \n\t\t<div class=\"elementor-testimonial-wrapper th-testimonial-w th-txt-md elementor-testimonial-text-align-center\">\n\n            \n\t\t\t\t\t\t\t<div class=\"elementor-testimonial-content\">Jean-Pierre Duverg\u00e9 a su saisir le caract\u00e8re de chacune et chacun pour \u00e9voquer toute la diversit\u00e9 culturelle de cet immense pays sans mis\u00e9rabilisme ni id\u00e9alisme. Ce n\u2019est pas une Ethiopie \u00e9ternelle, fig\u00e9e dans ses traditions. En d\u00e9pit des discours habituels et simplistes, cela n\u2019existe pas. L\u2019eau courante n\u2019est certes pas disponible partout, pas plus que l\u2019\u00e9lectricit\u00e9, mais les t\u00e9l\u00e9phones portables, internet, les r\u00e9seaux sociaux ont fait leur entr\u00e9e dans la vie des gens, jusque dans les campagnes les plus recul\u00e9es. \nC\u2019est cette Ethiopie-l\u00e0 qui est aujourd\u2019hui menac\u00e9e. Le mod\u00e8le \u00e9thiopien, reposant sur une cohabitation apais\u00e9e du christianisme orthodoxe et de l\u2019islam, sur un f\u00e9d\u00e9ralisme r\u00e9gional, est en crise.\nEt on ne peut qu\u2019esp\u00e9rer que ces photos ne soient pas les vestiges d\u2019une insouciance disparue. \n<\/div>\n\t\t\t\n            \n\t\t\t\n                    <div class=\"elementor-testimonial-meta elementor-testimonial-image-position-aside\">\n\n\t\t\t\t<div class=\"elementor-testimonial-meta-inner\">\n                                            <div class=\"elementor-testimonial-image\">\n                            <img loading=\"lazy\" decoding=\"async\" width=\"200\" height=\"200\" src=\"https:\/\/jeanpierreduverge.com\/store\/wp-content\/uploads\/2021\/06\/s200_marie-laure.derat_.jpg\" class=\"th-team-member-image\" alt=\"Marie Laure Derat\" \/>                        <\/div>\n                    \n\t\t\t\t\t\t\t\t\t\t<div class=\"elementor-testimonial-details\">\n\t\t\t\t\t\t\t\t\t\t\t\t\t<div class=\"elementor-testimonial-name\">Marie-Laure Derat<\/div>\n\t\t\t\t\t\t\n\t\t\t\t\t\t\t\t\t\t\t\t\t<div class=\"elementor-testimonial-job\">directrice de recherches au CNRS<\/div>\n\t\t\t\t\t\t\t\t\t\t\t<\/div>\n\t\t\t\t\t\t\t\t\t<\/div>\n\t\t\t<\/div>\n\t\t\t\t\t<\/div>\n\t\t\t<\/div>\n\t\t\t\t<\/div>\n\t\t\t\t<div class=\"elementor-element elementor-element-vgifgso elementor-widget elementor-widget-spacer\" data-id=\"vgifgso\" data-element_type=\"widget\" data-widget_type=\"spacer.default\">\n\t\t\t\t<div class=\"elementor-widget-container\">\n\t\t\t\t\t<div class=\"elementor-spacer\">\n\t\t\t<div class=\"elementor-spacer-inner\"><\/div>\n\t\t<\/div>\n\t\t\t\t<\/div>\n\t\t\t\t<\/div>\n\t\t\t\t\t\t<\/div>\n\t\t\t\t\t<\/div>\n\t\t<\/div>\n\t\t\t\t\t\t\t\t<\/div>\n\t\t\t\t\t<\/div>\n\t\t<\/section>\n\t\t\t\t\t\t<\/div>\n\t\t\t\t\t\t<\/div>\n\t\t\t\t\t<\/div>\n\t\t","protected":false},"excerpt":{"rendered":"<p>Connecter les Humains \u00ab Le visage \u00e9tant pour moi le plus beau des paysages \u00bb JP Duverg\u00e9 Ma Mission Bordelais d&rsquo;origine, je vis \u00e0 Cergy depuis 1981. J&rsquo;ai appris la photo par moi-m\u00eame, il y a 50 ans au temps &hellip; <a href=\"https:\/\/jeanpierreduverge.com\/store\/about-us\/\">Read More<\/a><\/p>\n","protected":false},"author":1,"featured_media":0,"parent":0,"menu_order":26,"comment_status":"closed","ping_status":"closed","template":"","meta":{"spay_email":"","footnotes":""},"class_list":["post-222","page","type-page","status-publish","hentry"],"_links":{"self":[{"href":"https:\/\/jeanpierreduverge.com\/store\/wp-json\/wp\/v2\/pages\/222","targetHints":{"allow":["GET"]}}],"collection":[{"href":"https:\/\/jeanpierreduverge.com\/store\/wp-json\/wp\/v2\/pages"}],"about":[{"href":"https:\/\/jeanpierreduverge.com\/store\/wp-json\/wp\/v2\/types\/page"}],"author":[{"embeddable":true,"href":"https:\/\/jeanpierreduverge.com\/store\/wp-json\/wp\/v2\/users\/1"}],"replies":[{"embeddable":true,"href":"https:\/\/jeanpierreduverge.com\/store\/wp-json\/wp\/v2\/comments?post=222"}],"version-history":[{"count":18,"href":"https:\/\/jeanpierreduverge.com\/store\/wp-json\/wp\/v2\/pages\/222\/revisions"}],"predecessor-version":[{"id":759,"href":"https:\/\/jeanpierreduverge.com\/store\/wp-json\/wp\/v2\/pages\/222\/revisions\/759"}],"wp:attachment":[{"href":"https:\/\/jeanpierreduverge.com\/store\/wp-json\/wp\/v2\/media?parent=222"}],"curies":[{"name":"wp","href":"https:\/\/api.w.org\/{rel}","templated":true}]}}