{"id":221,"date":"2017-05-24T23:31:50","date_gmt":"2017-05-24T23:31:50","guid":{"rendered":"http:\/\/import.themovation.com\/embark\/river-rafting\/?page_id=73"},"modified":"2021-06-16T01:07:25","modified_gmt":"2021-06-15T23:07:25","slug":"gallery","status":"publish","type":"page","link":"https:\/\/jeanpierreduverge.com\/store\/gallery\/","title":{"rendered":"Gallery"},"content":{"rendered":"\t\t<div data-elementor-type=\"wp-post\" data-elementor-id=\"221\" class=\"elementor elementor-221\" data-elementor-settings=\"[]\">\n\t\t\t\t\t\t<div class=\"elementor-inner\">\n\t\t\t\t\t\t\t<div class=\"elementor-section-wrap\">\n\t\t\t\t\t\t\t<section class=\"elementor-section elementor-top-section elementor-element elementor-element-pqxxyki elementor-section-height-min-height elementor-section-boxed elementor-section-height-default elementor-section-items-middle\" data-id=\"pqxxyki\" data-element_type=\"section\" data-settings=\"{&quot;background_background&quot;:&quot;gradient&quot;}\">\n\t\t\t\t\t\t\t<div class=\"elementor-background-overlay\"><\/div>\n\t\t\t\t\t\t\t<div class=\"elementor-container elementor-column-gap-default\">\n\t\t\t\t\t\t\t<div class=\"elementor-row\">\n\t\t\t\t\t<div class=\"elementor-column elementor-col-100 elementor-top-column elementor-element elementor-element-hqlbopu\" data-id=\"hqlbopu\" data-element_type=\"column\">\n\t\t\t<div class=\"elementor-column-wrap elementor-element-populated\">\n\t\t\t\t\t\t\t<div class=\"elementor-widget-wrap\">\n\t\t\t\t\t\t<div class=\"elementor-element elementor-element-owmuydt elementor-widget elementor-widget-spacer\" data-id=\"owmuydt\" data-element_type=\"widget\" data-widget_type=\"spacer.default\">\n\t\t\t\t<div class=\"elementor-widget-container\">\n\t\t\t\t\t<div class=\"elementor-spacer\">\n\t\t\t<div class=\"elementor-spacer-inner\"><\/div>\n\t\t<\/div>\n\t\t\t\t<\/div>\n\t\t\t\t<\/div>\n\t\t\t\t<div class=\"elementor-element elementor-element-ynvmafk elementor-view-default elementor-position-top elementor-widget elementor-widget-themo-header\" data-id=\"ynvmafk\" data-element_type=\"widget\" data-widget_type=\"themo-header.default\">\n\t\t\t\t<div class=\"elementor-widget-container\">\n\t\t\t\t\t<div class=\"th-header-wrap\">\n        <div class=\"elementor-icon-box-wrapper \">\n                            <div class=\"elementor-icon-box-content\">\n                    <h1 class=\"elementor-icon-box-title\">\n                        <span >Galerie<\/span>\n                    <\/h1>\n                                        <p class=\"elementor-icon-box-description\"><\/p>\n\n                                    <\/div>\n            <\/div>\n\n        <\/div>\n\n\t\t\t\t<\/div>\n\t\t\t\t<\/div>\n\t\t\t\t\t\t<\/div>\n\t\t\t\t\t<\/div>\n\t\t<\/div>\n\t\t\t\t\t\t\t\t<\/div>\n\t\t\t\t\t<\/div>\n\t\t<\/section>\n\t\t\t\t<section class=\"elementor-section elementor-top-section elementor-element elementor-element-kwdpeyt elementor-section-boxed elementor-section-height-default elementor-section-height-default\" data-id=\"kwdpeyt\" data-element_type=\"section\">\n\t\t\t\t\t\t<div class=\"elementor-container elementor-column-gap-default\">\n\t\t\t\t\t\t\t<div class=\"elementor-row\">\n\t\t\t\t\t<div class=\"elementor-column elementor-col-100 elementor-top-column elementor-element elementor-element-qzefiol\" data-id=\"qzefiol\" data-element_type=\"column\">\n\t\t\t<div class=\"elementor-column-wrap elementor-element-populated\">\n\t\t\t\t\t\t\t<div class=\"elementor-widget-wrap\">\n\t\t\t\t\t\t<div class=\"elementor-element elementor-element-maakrxu elementor-widget elementor-widget-spacer\" data-id=\"maakrxu\" data-element_type=\"widget\" data-widget_type=\"spacer.default\">\n\t\t\t\t<div class=\"elementor-widget-container\">\n\t\t\t\t\t<div class=\"elementor-spacer\">\n\t\t\t<div class=\"elementor-spacer-inner\"><\/div>\n\t\t<\/div>\n\t\t\t\t<\/div>\n\t\t\t\t<\/div>\n\t\t\t\t<div class=\"elementor-element elementor-element-rztvyxw elementor-view-default elementor-position-top elementor-widget elementor-widget-themo-header\" data-id=\"rztvyxw\" data-element_type=\"widget\" data-widget_type=\"themo-header.default\">\n\t\t\t\t<div class=\"elementor-widget-container\">\n\t\t\t\t\t<div class=\"th-header-wrap\">\n        <div class=\"elementor-icon-box-wrapper \">\n                            <div class=\"elementor-icon-box-content\">\n                    <h3 class=\"elementor-icon-box-title\">\n                        <span >Clich\u00e9s du livre &quot;Ethiopia&quot;<\/span>\n                    <\/h3>\n                                        <p class=\"elementor-icon-box-description\"><\/p>\n\n                                    <\/div>\n            <\/div>\n\n        <\/div>\n\n\t\t\t\t<\/div>\n\t\t\t\t<\/div>\n\t\t\t\t<div class=\"elementor-element elementor-element-xglithi elementor-widget elementor-widget-themo-image-gallery\" data-id=\"xglithi\" data-element_type=\"widget\" data-widget_type=\"themo-image-gallery.default\">\n\t\t\t\t<div class=\"elementor-widget-container\">\n\t\t\t\t\t<div class=\"elementor-image-gallery th-image-stretch\">\n\t\t\t<div class=\"gallery gallery-221-1\"><div class=\"row gallery-row\"><div class=\"col-sm-6 col-lg-6\"><a data-toggle=\"lightbox\" data-gallery=\"multiimages\" data-title=\"\"  class=\"thumbnail img-thumbnail\" href='https:\/\/jeanpierreduverge.com\/store\/wp-content\/uploads\/2021\/05\/01122018-813_8402-Modifier-scaled.jpg'><img loading=\"lazy\" decoding=\"async\" width=\"605\" height=\"465\" src=\"https:\/\/jeanpierreduverge.com\/store\/wp-content\/uploads\/2021\/05\/01122018-813_8402-Modifier-605x465.jpg\" class=\"attachment-th_img_md_landscape size-th_img_md_landscape\" alt=\"\" srcset=\"https:\/\/jeanpierreduverge.com\/store\/wp-content\/uploads\/2021\/05\/01122018-813_8402-Modifier-605x465.jpg 605w, https:\/\/jeanpierreduverge.com\/store\/wp-content\/uploads\/2021\/05\/01122018-813_8402-Modifier-394x303.jpg 394w\" sizes=\"auto, (max-width: 605px) 100vw, 605px\" \/><\/a><div class=\"gallery-text\"><div class=\"image-title\">01122018-813_8402-Modifier<\/div><div class=\"caption\">\u00a9 Jean Pierre Duverg\u00e9<\/div><\/div><\/div><div class=\"col-sm-6 col-lg-6\"><a data-toggle=\"lightbox\" data-gallery=\"multiimages\" data-title=\"\"  class=\"thumbnail img-thumbnail\" href='https:\/\/jeanpierreduverge.com\/store\/wp-content\/uploads\/2021\/05\/02122018-813_8828-Modifier-scaled.jpg'><img loading=\"lazy\" decoding=\"async\" width=\"605\" height=\"465\" src=\"https:\/\/jeanpierreduverge.com\/store\/wp-content\/uploads\/2021\/05\/02122018-813_8828-Modifier-605x465.jpg\" class=\"attachment-th_img_md_landscape size-th_img_md_landscape\" alt=\"\" srcset=\"https:\/\/jeanpierreduverge.com\/store\/wp-content\/uploads\/2021\/05\/02122018-813_8828-Modifier-605x465.jpg 605w, https:\/\/jeanpierreduverge.com\/store\/wp-content\/uploads\/2021\/05\/02122018-813_8828-Modifier-394x303.jpg 394w\" sizes=\"auto, (max-width: 605px) 100vw, 605px\" \/><\/a><div class=\"gallery-text\"><div class=\"image-title\">02122018-813_8828-Modifier<\/div><div class=\"caption\">\u00a9 Jean Pierre Duverg\u00e9<\/div><\/div><\/div><\/div><div class=\"row gallery-row\"><div class=\"col-sm-6 col-lg-6\"><a data-toggle=\"lightbox\" data-gallery=\"multiimages\" data-title=\"\"  class=\"thumbnail img-thumbnail\" href='https:\/\/jeanpierreduverge.com\/store\/wp-content\/uploads\/2021\/05\/02122018-813_8906-Modifier-scaled.jpg'><img loading=\"lazy\" decoding=\"async\" width=\"605\" height=\"465\" src=\"https:\/\/jeanpierreduverge.com\/store\/wp-content\/uploads\/2021\/05\/02122018-813_8906-Modifier-605x465.jpg\" class=\"attachment-th_img_md_landscape size-th_img_md_landscape\" alt=\"\" srcset=\"https:\/\/jeanpierreduverge.com\/store\/wp-content\/uploads\/2021\/05\/02122018-813_8906-Modifier-605x465.jpg 605w, https:\/\/jeanpierreduverge.com\/store\/wp-content\/uploads\/2021\/05\/02122018-813_8906-Modifier-394x303.jpg 394w\" sizes=\"auto, (max-width: 605px) 100vw, 605px\" \/><\/a><div class=\"gallery-text\"><div class=\"image-title\">02122018-813_8906-Modifier<\/div><div class=\"caption\">\u00a9 Jean Pierre Duverg\u00e9<\/div><\/div><\/div><div class=\"col-sm-6 col-lg-6\"><a data-toggle=\"lightbox\" data-gallery=\"multiimages\" data-title=\"\"  class=\"thumbnail img-thumbnail\" href='https:\/\/jeanpierreduverge.com\/store\/wp-content\/uploads\/2021\/05\/02122018-813_8874-Modifier-scaled.jpg'><img loading=\"lazy\" decoding=\"async\" width=\"605\" height=\"465\" src=\"https:\/\/jeanpierreduverge.com\/store\/wp-content\/uploads\/2021\/05\/02122018-813_8874-Modifier-605x465.jpg\" class=\"attachment-th_img_md_landscape size-th_img_md_landscape\" alt=\"\" srcset=\"https:\/\/jeanpierreduverge.com\/store\/wp-content\/uploads\/2021\/05\/02122018-813_8874-Modifier-605x465.jpg 605w, https:\/\/jeanpierreduverge.com\/store\/wp-content\/uploads\/2021\/05\/02122018-813_8874-Modifier-394x303.jpg 394w\" sizes=\"auto, (max-width: 605px) 100vw, 605px\" \/><\/a><div class=\"gallery-text\"><div class=\"image-title\">02122018-813_8874-Modifier<\/div><div class=\"caption\">\u00a9 Jean Pierre Duverg\u00e9<\/div><\/div><\/div><\/div><\/div>\t\t<\/div>\n\t\t\t\t<\/div>\n\t\t\t\t<\/div>\n\t\t\t\t<div class=\"elementor-element elementor-element-ihsqvbg elementor-widget elementor-widget-spacer\" data-id=\"ihsqvbg\" data-element_type=\"widget\" data-widget_type=\"spacer.default\">\n\t\t\t\t<div class=\"elementor-widget-container\">\n\t\t\t\t\t<div class=\"elementor-spacer\">\n\t\t\t<div class=\"elementor-spacer-inner\"><\/div>\n\t\t<\/div>\n\t\t\t\t<\/div>\n\t\t\t\t<\/div>\n\t\t\t\t\t\t<\/div>\n\t\t\t\t\t<\/div>\n\t\t<\/div>\n\t\t\t\t\t\t\t\t<\/div>\n\t\t\t\t\t<\/div>\n\t\t<\/section>\n\t\t\t\t<section class=\"elementor-section elementor-top-section elementor-element elementor-element-837vdq1 elementor-section-boxed elementor-section-height-default elementor-section-height-default\" data-id=\"837vdq1\" data-element_type=\"section\" data-settings=\"{&quot;background_background&quot;:&quot;classic&quot;}\">\n\t\t\t\t\t\t<div class=\"elementor-container elementor-column-gap-default\">\n\t\t\t\t\t\t\t<div class=\"elementor-row\">\n\t\t\t\t\t<div class=\"elementor-column elementor-col-100 elementor-top-column elementor-element elementor-element-me4ix2x\" data-id=\"me4ix2x\" data-element_type=\"column\">\n\t\t\t<div class=\"elementor-column-wrap elementor-element-populated\">\n\t\t\t\t\t\t\t<div class=\"elementor-widget-wrap\">\n\t\t\t\t\t\t<div class=\"elementor-element elementor-element-d4ffteg elementor-widget elementor-widget-spacer\" data-id=\"d4ffteg\" data-element_type=\"widget\" data-widget_type=\"spacer.default\">\n\t\t\t\t<div class=\"elementor-widget-container\">\n\t\t\t\t\t<div class=\"elementor-spacer\">\n\t\t\t<div class=\"elementor-spacer-inner\"><\/div>\n\t\t<\/div>\n\t\t\t\t<\/div>\n\t\t\t\t<\/div>\n\t\t\t\t<div class=\"elementor-element elementor-element-iyhprg1 elementor-view-default elementor-position-top elementor-widget elementor-widget-themo-header\" data-id=\"iyhprg1\" data-element_type=\"widget\" data-widget_type=\"themo-header.default\">\n\t\t\t\t<div class=\"elementor-widget-container\">\n\t\t\t\t\t<div class=\"th-header-wrap\">\n        <div class=\"elementor-icon-box-wrapper \">\n                            <div class=\"elementor-icon-box-content\">\n                    <h3 class=\"elementor-icon-box-title\">\n                        <span >Une Histoire - \u00c9thiopia<\/span>\n                    <\/h3>\n                                        <p class=\"elementor-icon-box-description\"><\/p>\n\n                                    <\/div>\n            <\/div>\n\n        <\/div>\n\n\t\t\t\t<\/div>\n\t\t\t\t<\/div>\n\t\t\t\t<div class=\"elementor-element elementor-element-rsg5ngt elementor-widget elementor-widget-themo-image-gallery\" data-id=\"rsg5ngt\" data-element_type=\"widget\" data-widget_type=\"themo-image-gallery.default\">\n\t\t\t\t<div class=\"elementor-widget-container\">\n\t\t\t\t\t<div class=\"elementor-image-gallery th-image-stretch\">\n\t\t\t<div class=\"gallery gallery-221-2\"><div class=\"row gallery-row\"><div class=\"col-sm-3 col-lg-3\"><a data-toggle=\"lightbox\" data-gallery=\"multiimages\" data-title=\"\"  class=\"thumbnail img-thumbnail\" href='https:\/\/jeanpierreduverge.com\/store\/wp-content\/uploads\/2021\/06\/bull.jpg'><img loading=\"lazy\" decoding=\"async\" width=\"605\" height=\"465\" src=\"https:\/\/jeanpierreduverge.com\/store\/wp-content\/uploads\/2021\/06\/bull-605x465.jpg\" class=\"attachment-th_img_md_landscape size-th_img_md_landscape\" alt=\"\" srcset=\"https:\/\/jeanpierreduverge.com\/store\/wp-content\/uploads\/2021\/06\/bull-605x465.jpg 605w, https:\/\/jeanpierreduverge.com\/store\/wp-content\/uploads\/2021\/06\/bull-394x303.jpg 394w\" sizes=\"auto, (max-width: 605px) 100vw, 605px\" \/><\/a><div class=\"gallery-text\"><div class=\"image-title\">bull<\/div><div class=\"caption\">Bull-jumping ou Oukouli : C\u00e9r\u00e9monie de passage \u00e0 l&rsquo;age adulte.<\/div><\/div><\/div><div class=\"col-sm-3 col-lg-3\"><a data-toggle=\"lightbox\" data-gallery=\"multiimages\" data-title=\"\"  class=\"thumbnail img-thumbnail\" href='https:\/\/jeanpierreduverge.com\/store\/wp-content\/uploads\/2021\/06\/Child.jpg'><img loading=\"lazy\" decoding=\"async\" width=\"605\" height=\"465\" src=\"https:\/\/jeanpierreduverge.com\/store\/wp-content\/uploads\/2021\/06\/Child-605x465.jpg\" class=\"attachment-th_img_md_landscape size-th_img_md_landscape\" alt=\"\" srcset=\"https:\/\/jeanpierreduverge.com\/store\/wp-content\/uploads\/2021\/06\/Child-605x465.jpg 605w, https:\/\/jeanpierreduverge.com\/store\/wp-content\/uploads\/2021\/06\/Child-394x303.jpg 394w\" sizes=\"auto, (max-width: 605px) 100vw, 605px\" \/><\/a><div class=\"gallery-text\"><div class=\"image-title\">Child<\/div><\/div><\/div><div class=\"col-sm-3 col-lg-3\"><a data-toggle=\"lightbox\" data-gallery=\"multiimages\" data-title=\"\"  class=\"thumbnail img-thumbnail\" href='https:\/\/jeanpierreduverge.com\/store\/wp-content\/uploads\/2021\/06\/Falls.jpg'><img loading=\"lazy\" decoding=\"async\" width=\"605\" height=\"465\" src=\"https:\/\/jeanpierreduverge.com\/store\/wp-content\/uploads\/2021\/06\/Falls-605x465.jpg\" class=\"attachment-th_img_md_landscape size-th_img_md_landscape\" alt=\"\" srcset=\"https:\/\/jeanpierreduverge.com\/store\/wp-content\/uploads\/2021\/06\/Falls-605x465.jpg 605w, https:\/\/jeanpierreduverge.com\/store\/wp-content\/uploads\/2021\/06\/Falls-394x303.jpg 394w\" sizes=\"auto, (max-width: 605px) 100vw, 605px\" \/><\/a><div class=\"gallery-text\"><div class=\"image-title\">Falls<\/div><\/div><\/div><div class=\"col-sm-3 col-lg-3\"><a data-toggle=\"lightbox\" data-gallery=\"multiimages\" data-title=\"\"  class=\"thumbnail img-thumbnail\" href='https:\/\/jeanpierreduverge.com\/store\/wp-content\/uploads\/2021\/06\/fort.jpg'><img loading=\"lazy\" decoding=\"async\" width=\"605\" height=\"465\" src=\"https:\/\/jeanpierreduverge.com\/store\/wp-content\/uploads\/2021\/06\/fort-605x465.jpg\" class=\"attachment-th_img_md_landscape size-th_img_md_landscape\" alt=\"\" srcset=\"https:\/\/jeanpierreduverge.com\/store\/wp-content\/uploads\/2021\/06\/fort-605x465.jpg 605w, https:\/\/jeanpierreduverge.com\/store\/wp-content\/uploads\/2021\/06\/fort-394x303.jpg 394w\" sizes=\"auto, (max-width: 605px) 100vw, 605px\" \/><\/a><div class=\"gallery-text\"><div class=\"image-title\">fort<\/div><\/div><\/div><\/div><div class=\"row gallery-row\"><div class=\"col-sm-3 col-lg-3\"><a data-toggle=\"lightbox\" data-gallery=\"multiimages\" data-title=\"\"  class=\"thumbnail img-thumbnail\" href='https:\/\/jeanpierreduverge.com\/store\/wp-content\/uploads\/2021\/06\/hute.jpg'><img loading=\"lazy\" decoding=\"async\" width=\"605\" height=\"465\" src=\"https:\/\/jeanpierreduverge.com\/store\/wp-content\/uploads\/2021\/06\/hute-605x465.jpg\" class=\"attachment-th_img_md_landscape size-th_img_md_landscape\" alt=\"\" srcset=\"https:\/\/jeanpierreduverge.com\/store\/wp-content\/uploads\/2021\/06\/hute-605x465.jpg 605w, https:\/\/jeanpierreduverge.com\/store\/wp-content\/uploads\/2021\/06\/hute-394x303.jpg 394w\" sizes=\"auto, (max-width: 605px) 100vw, 605px\" \/><\/a><div class=\"gallery-text\"><div class=\"image-title\">hute<\/div><\/div><\/div><div class=\"col-sm-3 col-lg-3\"><a data-toggle=\"lightbox\" data-gallery=\"multiimages\" data-title=\"\"  class=\"thumbnail img-thumbnail\" href='https:\/\/jeanpierreduverge.com\/store\/wp-content\/uploads\/2021\/06\/hutt-woman.jpg'><img loading=\"lazy\" decoding=\"async\" width=\"605\" height=\"465\" src=\"https:\/\/jeanpierreduverge.com\/store\/wp-content\/uploads\/2021\/06\/hutt-woman-605x465.jpg\" class=\"attachment-th_img_md_landscape size-th_img_md_landscape\" alt=\"\" srcset=\"https:\/\/jeanpierreduverge.com\/store\/wp-content\/uploads\/2021\/06\/hutt-woman-605x465.jpg 605w, https:\/\/jeanpierreduverge.com\/store\/wp-content\/uploads\/2021\/06\/hutt-woman-394x303.jpg 394w\" sizes=\"auto, (max-width: 605px) 100vw, 605px\" \/><\/a><div class=\"gallery-text\"><div class=\"image-title\">hutt woman<\/div><\/div><\/div><div class=\"col-sm-3 col-lg-3\"><a data-toggle=\"lightbox\" data-gallery=\"multiimages\" data-title=\"\"  class=\"thumbnail img-thumbnail\" href='https:\/\/jeanpierreduverge.com\/store\/wp-content\/uploads\/2021\/06\/Landscape-2.jpg'><img loading=\"lazy\" decoding=\"async\" width=\"605\" height=\"465\" src=\"https:\/\/jeanpierreduverge.com\/store\/wp-content\/uploads\/2021\/06\/Landscape-2-605x465.jpg\" class=\"attachment-th_img_md_landscape size-th_img_md_landscape\" alt=\"\" srcset=\"https:\/\/jeanpierreduverge.com\/store\/wp-content\/uploads\/2021\/06\/Landscape-2-605x465.jpg 605w, https:\/\/jeanpierreduverge.com\/store\/wp-content\/uploads\/2021\/06\/Landscape-2-394x303.jpg 394w\" sizes=\"auto, (max-width: 605px) 100vw, 605px\" \/><\/a><div class=\"gallery-text\"><div class=\"image-title\">Landscape 2<\/div><\/div><\/div><div class=\"col-sm-3 col-lg-3\"><a data-toggle=\"lightbox\" data-gallery=\"multiimages\" data-title=\"\"  class=\"thumbnail img-thumbnail\" href='https:\/\/jeanpierreduverge.com\/store\/wp-content\/uploads\/2021\/06\/mom.jpg'><img loading=\"lazy\" decoding=\"async\" width=\"605\" height=\"465\" src=\"https:\/\/jeanpierreduverge.com\/store\/wp-content\/uploads\/2021\/06\/mom-605x465.jpg\" class=\"attachment-th_img_md_landscape size-th_img_md_landscape\" alt=\"\" srcset=\"https:\/\/jeanpierreduverge.com\/store\/wp-content\/uploads\/2021\/06\/mom-605x465.jpg 605w, https:\/\/jeanpierreduverge.com\/store\/wp-content\/uploads\/2021\/06\/mom-394x303.jpg 394w\" sizes=\"auto, (max-width: 605px) 100vw, 605px\" \/><\/a><div class=\"gallery-text\"><div class=\"image-title\">mom<\/div><\/div><\/div><\/div><\/div>\t\t<\/div>\n\t\t\t\t<\/div>\n\t\t\t\t<\/div>\n\t\t\t\t<div class=\"elementor-element elementor-element-nlx5k8e elementor-widget elementor-widget-spacer\" data-id=\"nlx5k8e\" data-element_type=\"widget\" data-widget_type=\"spacer.default\">\n\t\t\t\t<div class=\"elementor-widget-container\">\n\t\t\t\t\t<div class=\"elementor-spacer\">\n\t\t\t<div class=\"elementor-spacer-inner\"><\/div>\n\t\t<\/div>\n\t\t\t\t<\/div>\n\t\t\t\t<\/div>\n\t\t\t\t\t\t<\/div>\n\t\t\t\t\t<\/div>\n\t\t<\/div>\n\t\t\t\t\t\t\t\t<\/div>\n\t\t\t\t\t<\/div>\n\t\t<\/section>\n\t\t\t\t\t\t<\/div>\n\t\t\t\t\t\t<\/div>\n\t\t\t\t\t<\/div>\n\t\t","protected":false},"excerpt":{"rendered":"<p>Galerie Clich\u00e9s du livre &quot;Ethiopia&quot; 01122018-813_8402-Modifier\u00a9 Jean Pierre Duverg\u00e902122018-813_8828-Modifier\u00a9 Jean Pierre Duverg\u00e902122018-813_8906-Modifier\u00a9 Jean Pierre Duverg\u00e902122018-813_8874-Modifier\u00a9 Jean Pierre Duverg\u00e9 Une Histoire &#8211; \u00c9thiopia bullBull-jumping ou Oukouli : C\u00e9r\u00e9monie de passage \u00e0 l&rsquo;age adulte.ChildFallsforthutehutt womanLandscape 2mom<\/p>\n","protected":false},"author":1,"featured_media":0,"parent":0,"menu_order":56,"comment_status":"closed","ping_status":"closed","template":"","meta":{"spay_email":"","footnotes":""},"class_list":["post-221","page","type-page","status-publish","hentry"],"_links":{"self":[{"href":"https:\/\/jeanpierreduverge.com\/store\/wp-json\/wp\/v2\/pages\/221","targetHints":{"allow":["GET"]}}],"collection":[{"href":"https:\/\/jeanpierreduverge.com\/store\/wp-json\/wp\/v2\/pages"}],"about":[{"href":"https:\/\/jeanpierreduverge.com\/store\/wp-json\/wp\/v2\/types\/page"}],"author":[{"embeddable":true,"href":"https:\/\/jeanpierreduverge.com\/store\/wp-json\/wp\/v2\/users\/1"}],"replies":[{"embeddable":true,"href":"https:\/\/jeanpierreduverge.com\/store\/wp-json\/wp\/v2\/comments?post=221"}],"version-history":[{"count":12,"href":"https:\/\/jeanpierreduverge.com\/store\/wp-json\/wp\/v2\/pages\/221\/revisions"}],"predecessor-version":[{"id":679,"href":"https:\/\/jeanpierreduverge.com\/store\/wp-json\/wp\/v2\/pages\/221\/revisions\/679"}],"wp:attachment":[{"href":"https:\/\/jeanpierreduverge.com\/store\/wp-json\/wp\/v2\/media?parent=221"}],"curies":[{"name":"wp","href":"https:\/\/api.w.org\/{rel}","templated":true}]}}